{"id":88,"date":"2017-06-14T06:47:37","date_gmt":"2017-06-14T06:47:37","guid":{"rendered":"http:\/\/themes.muffingroup.com\/be\/fareast\/?page_id=2"},"modified":"2023-02-28T02:09:23","modified_gmt":"2023-02-28T02:09:23","slug":"home","status":"publish","type":"page","link":"https:\/\/terraxama.com\/xamanismoancestral\/","title":{"rendered":"Home"},"content":{"rendered":"<p>[vc_row full_width=&#8221;stretch_row&#8221; full_height=&#8221;yes&#8221; equal_height=&#8221;yes&#8221; css=&#8221;.vc_custom_1646688969795{margin-top: -100px !important;background: #141e1b url(https:\/\/terraxama.com\/xamanismoancestral\/wp-content\/uploads\/2022\/03\/akaie-back.jpg?id=231) !important;background-position: center !important;background-repeat: no-repeat !important;background-size: cover !important;}&#8221;][vc_column][vc_empty_space height=&#8221;140px&#8221;][vc_row_inner][vc_column_inner width=&#8221;1\/2&#8243;][\/vc_column_inner][vc_column_inner width=&#8221;1\/2&#8243;][vc_single_image image=&#8221;153&#8243;][vc_column_text]<\/p>\n<div class=\"rightEsc\">\n<h3><span style=\"color: #ceb693;\">Idealizador e Professor do Curso:<\/span><\/h3>\n<p><span style=\"color: #ffffff;\">Fundador do Terra Xam\u00e3, da Aldeia de Shiva e da Reekssa University. Criador e Codificador de Reekssa, Professor, multi-instrumentista e escritor de Xamanismo h\u00e1 mais de 20 anos, autor de livros e CDs musicais xam\u00e2nicos, Astr\u00f3logo Profissional formado pela Gaia Astrol\u00f3gica \u00ae, Terapeuta e Treinador Comportamental formado pelo IFT \u00ae, Constelador Familiar Xam\u00e2nico formado pelo Instituto Experi\u00eancia Desenvolvimento Humano \u00ae, Hipn\u00f3logo Profissional formado pelo IBFH \u00ae, Master Practitioner em PNL formado pelo Instituto Compr\u00e1tica \u00ae, Coach Profissional e Leader Coach formado e certificado pelo IBC \u00ae, com certifica\u00e7\u00f5es internacionais pela IAC &#8211; International Association of Coaching, ECA &#8211; European Coaching Association, GCC &#8211; Global Coaching Community e BCI &#8211; Behavioral Coaching Institute.<\/span><\/p>\n<\/div>\n<p>[\/vc_column_text][\/vc_column_inner][\/vc_row_inner][vc_empty_space height=&#8221;140px&#8221;][\/vc_column][\/vc_row][vc_row css=&#8221;.vc_custom_1646688561398{margin-bottom: -50px !important;padding-top: 50px !important;background-color: #141e1b !important;}&#8221;][vc_column][vc_row_inner][vc_column_inner width=&#8221;1\/2&#8243;][vc_column_text]<\/p>\n<p style=\"text-align: center;\"><iframe loading=\"lazy\" title=\"YouTube video player\" src=\"https:\/\/www.youtube.com\/embed\/TApWaIdLNd8\" width=\"450\" height=\"200\" frameborder=\"0\" allowfullscreen=\"allowfullscreen\"><span data-mce-type=\"bookmark\" style=\"display: inline-block; width: 0px; overflow: hidden; line-height: 0;\" class=\"mce_SELRES_start\">\ufeff<\/span><span data-mce-type=\"bookmark\" style=\"display: inline-block; width: 0px; overflow: hidden; line-height: 0;\" class=\"mce_SELRES_start\">\ufeff<\/span><\/iframe><\/p>\n<p style=\"color: #ceb693; text-align: center;\">Akai\u00ea \u00e9 reconhecido por ter constru\u00eddo uma ponte que interliga os antigos m\u00e9todos e conhecimentos xam\u00e2nicos com as metodologias contempor\u00e2neas, abordando as necessidades dos tempos atuais. Dedica seu tempo ensinando as pessoas em como podemos trabalhar como uma Comunidade Global SupraConsciente, para promover mudan\u00e7as positivas para o planeta.<\/p>\n<p>[\/vc_column_text][\/vc_column_inner][vc_column_inner width=&#8221;1\/2&#8243;][vc_column_text]<\/p>\n<p style=\"text-align: center;\"><iframe loading=\"lazy\" title=\"YouTube video player\" src=\"https:\/\/www.youtube.com\/embed\/TCIvSupzkq4\" width=\"450\" height=\"200\" frameborder=\"0\" allowfullscreen=\"allowfullscreen\"><\/iframe><\/p>\n<p style=\"color: #ceb693; text-align: center;\">Os principais treinamentos que ministra s\u00e3o: Xamanismo Ancestral, Xamanismo Qu\u00e2ntico, Xamanismo Comportamental, Resgate de Alma, Jornada Xam\u00e2nica, Etnoastrologia &amp; Astrologia Qu\u00e2ntica, Reekssa Photon Master, Shamanic Meta Coaching Express, PNL in natura, Hipnoterapia Comportamental e Eco Natural Training nas Escolas Naturais do Terra Xam\u00e3 e para grupos empresarias.<\/p>\n<p>[\/vc_column_text][\/vc_column_inner][\/vc_row_inner][vc_single_image image=&#8221;136&#8243; img_size=&#8221;full&#8221; alignment=&#8221;center&#8221;][vc_row_inner][vc_column_inner width=&#8221;1\/2&#8243;][vc_column_text]<\/p>\n<h3><span style=\"color: #7f6a50;\">A import\u00e2ncia de um Facilitador Experiente<\/span><\/h3>\n<p><span style=\"color: #ceb693;\">Para se trabalhar com as medicinas xam\u00e2nicas, t\u00e9cnicas e conhecimentos ancestrais que nos conduzem a estados alterados de consci\u00eancia e ter acesso \u00e0s realidades paralelas e extraordin\u00e1rias, \u00e9 fundamental ter um guia qualificado, experiente e confi\u00e1vel, que possa ajud\u00e1-lo a evitar as armadilhas e os desafios que podem surgir nos trabalhos espirituais xam\u00e2nicos.<\/span><\/p>\n<p><span style=\"color: #ceb693;\">Se voc\u00ea n\u00e3o souber como praticar as cerim\u00f4nias e as jornadas xam\u00e2nicas corretamente e se n\u00e3o estiver atento \u00e0s devidas prote\u00e7\u00f5es, corre o risco de entrar em certas regi\u00f5es ou lugares ocultos que talvez n\u00e3o esteja preparado para entrar, ou estabelecer conex\u00e3o com energias e entidades que podem exercer algum tipo de efeito mal\u00e9fico na sua vida, ou na vida das pessoas ligadas a voc\u00ea.<\/span><\/p>\n<p><span style=\"color: #ceb693;\">Ter a oportunidade de estar sendo treinado e iniciado no Xamanismo por uma pessoa que j\u00e1 formou centenas de pessoas ao redor do mundo, como Akai\u00ea Sramana, que por mais de 20 anos vem trazendo a sabedoria e as pr\u00e1ticas ancestrais xam\u00e2nicas para um p\u00fablico global, \u00e9 uma quest\u00e3o de merecimento.<\/span>[\/vc_column_text][\/vc_column_inner][vc_column_inner width=&#8221;1\/2&#8243;][vc_column_text]<span style=\"color: #ceb693;\">Ele \u00e9 Membro do C\u00edrculo Sagrado da &#8220;The Foundation for Shamanic Studies&#8221; do xam\u00e3 e antrop\u00f3logo norte-americano Michael Harner e Volunt\u00e1rio Internacional das Na\u00e7\u00f5es Unidas. Autor de alguns dos livros de xamanismo mais vendidos no Brasil, como: Xamanismo Ancestral &#8211; O legado da \u00cdndia antiga e Xamanismo Qu\u00e2ntico &#8211; O legado do xam\u00e3. Incluindo tamb\u00e9m diversos CDs musicais xam\u00e2nicos, entre eles os que mais se destacam s\u00e3o: &#8220;Floresta das Estrelas&#8221;, &#8220;Urucum Vermelho&#8221; e &#8220;Jaya Ahow &#8211; C\u00e2nticos Sagrados da Aldeia de Shiva&#8221;. <\/span><\/p>\n<p><span style=\"color: #ceb693;\">Ele desenvolveu v\u00e1rios sistemas e projetos espirituais xam\u00e2nicos, entre eles: Reekssa \u00bb Reiki Xam\u00e2nico Ancestral, Cura Qu\u00e2ntica Sist\u00eamica Xam\u00e2nica e a Teoria da Matriz Universal de Conhecimento. Al\u00e9m de ter fundado a Aldeia de Shiva, a Reekssa University e o Terra Xam\u00e3 Internacional &#8211; reserva natural xam\u00e2nica com mais de 77 mil metros quadrados de natureza, onde se localizam escolas de conhecimentos ancestrais que utilizam as metodologias mais modernas para a pr\u00f3pria preserva\u00e7\u00e3o das sabedorias e tecnologias ancestrais. <\/span><\/p>\n<p><span style=\"color: #ceb693;\">Ele desenvolveu sua pr\u00f3pria metodologia de ensino, onde evidencia seu amor profundo pelo xamanismo e sua conex\u00e3o espiritual com a natureza, al\u00e9m de seu carisma, brilho pessoal e habilidades pr\u00e1ticas. <\/span><\/p>\n<p><span style=\"color: #ceb693;\">Em suma, voc\u00ea estar\u00e1 em m\u00e3os muito seguras e amorosas se optar entrar neste caminho inici\u00e1tico com Akai\u00ea Sramana.<\/span>[\/vc_column_text][\/vc_column_inner][\/vc_row_inner][vc_single_image image=&#8221;136&#8243; img_size=&#8221;full&#8221; alignment=&#8221;center&#8221;][vc_empty_space height=&#8221;50px&#8221;][\/vc_column][\/vc_row][vc_row css=&#8221;.vc_custom_1646688571678{background-color: #141e1b !important;}&#8221;][vc_column][vc_row_inner][vc_column_inner][vc_single_image image=&#8221;205&#8243; img_size=&#8221;full&#8221; alignment=&#8221;center&#8221;][vc_column_text]<\/p>\n<h2 style=\"color: #ceb693; text-align: center;\"><strong>R$ 6.450,00<\/strong><\/h2>\n<h4 style=\"color: #7f6a50; text-align: center;\"><strong>Parcelado em at\u00e9 18 vezes pelo PagSeguro!<\/strong><\/h4>\n<h2 style=\"color: #ceb693; text-align: center;\"><input name=\"itemShippingCost\" type=\"hidden\" value=\"\" \/><\/h2>\n<p><!--\n\n\n<h4 style=\"color: #7f6a50; text-align: center;\"><strong>De:<\/strong><\/h4>\n\n\n\n\n<h2 style=\"color: #ceb693; text-align: center;\"><strong><s>R$ 6.450,00<\/s><\/strong><\/h2>\n\n\n\n\n<h4 style=\"color: #7f6a50; text-align: center;\"><strong>Com 50% de desconto:<\/strong><\/h4>\n\n\n\n\n<h2 style=\"color: #ceb693; text-align: center;\"><strong>R$ 3.225,00<\/strong><\/h2>\n\n\n\n\n<h4 style=\"color: #7f6a50; text-align: center;\"><strong>(Promo\u00e7\u00e3o Rel\u00e2mpago)<\/strong><\/h4>\n\n\n\n\n<h2 style=\"color: #ceb693; text-align: center;\"><strong>\n<\/strong><input name=\"itemShippingCost\" type=\"hidden\" value=\"\" \/><\/h2>\n\n\n-->[\/vc_column_text][vc_column_text css=&#8221;.vc_custom_1673890609389{margin-top: -170px !important;}&#8221;]<\/p>\n<div id=\"mc_embed_signup\" style=\"text-align: center;\">\n<form action=\"https:\/\/pagseguro.uol.com.br\/checkout\/v2\/cart.html?action=add\" method=\"post\" target=\"pagseguro\"><input name=\"receiverEmail\" type=\"hidden\" value=\"loja@aldeiadeshiva.org\" \/><br \/>\n<input name=\"currency\" type=\"hidden\" value=\"BRL\" \/><br \/>\n<input name=\"itemId\" type=\"hidden\" value=\"1234567892022\" \/><br \/>\n<input name=\"itemDescription\" type=\"hidden\" value=\"VOUCHER COM VALIDADE DE 1 ANO: CURSO XAMANISMO ANCESTRAL - OUTONO 2023\" \/><br \/>\n<input name=\"itemQuantity\" type=\"hidden\" value=\"1\" \/><br \/>\n<input name=\"itemAmount\" type=\"hidden\" value=\"6450.00\" \/><br \/>\n<input name=\"itemWeight\" type=\"hidden\" value=\"\" \/><br \/>\n<input name=\"itemShippingCost\" type=\"hidden\" value=\"\" \/><br \/>\n<input alt=\"Pague com PagSeguro - \u00e9 r\u00e1pido, gr\u00e1tis e seguro!\" name=\"submit\" src=\"https:\/\/p.simg.uol.com.br\/out\/pagseguro\/i\/botoes\/pagamentos\/209x48-comprar-assina.gif\" type=\"image\" \/><\/form>\n<\/div>\n<p>[\/vc_column_text][vc_column_text]<\/p>\n<h4 style=\"color: #7f6a50; text-align: center;\"><strong><em>APROVEITE O VALOR PROMOCIONAL PARA PAGAMENTO \u00c0 VISTA!<\/em><\/strong><\/h4>\n<h4 style=\"color: #7f6a50; text-align: center;\"><strong>VEJA ABAIXO A DATA LIMITE DOS PR\u00d3XIMOS LOTES:<\/strong><\/h4>\n<p style=\"color: #ceb693; text-align: center;\"><strong style=\"color: #7f6a50;\">\u00bb PRIMEIRO LOTE: <\/strong><span style=\"color: #ceb693;\"><strong>R$ 5.650,00 com dep\u00f3sito antecipado<\/strong><\/span><br \/>\n<strong style=\"color: #7f6a50;\">\u00bb DATA DO PRIMEIRO LOTE: <\/strong><strong>At\u00e9 31.JANEIRO.2023<\/strong><\/p>\n<p style=\"color: #ceb693; text-align: center;\"><strong style=\"color: #7f6a50;\">\u00bb SEGUNDO LOTE: <\/strong><span style=\"color: #ceb693;\"><strong>R$ 5.750,00 com dep\u00f3sito antecipado<\/strong><\/span><br \/>\n<strong style=\"color: #7f6a50;\">\u00bb DATA DO SEGUNDO LOTE: <\/strong><strong>1.FEVEREIRO.2023 at\u00e9 15.FEVEREIRO.2023<\/strong><\/p>\n<p style=\"color: #ceb693; text-align: center;\"><strong style=\"color: #7f6a50;\">\u00bb TERCEIRO LOTE: <\/strong><span style=\"color: #ceb693;\"><strong>R$ 5.850,00 com dep\u00f3sito antecipado<\/strong><\/span><br \/>\n<strong style=\"color: #7f6a50;\">\u00bb DATA DO TERCEIRO LOTE: <\/strong><strong>16.FEVEREIRO.2023 at\u00e9 28.FEVEREIRO.2023<\/strong><\/p>\n<p style=\"color: #ceb693; text-align: center;\"><strong style=\"color: #7f6a50;\">\u00bb QUARTO LOTE: <\/strong><span style=\"color: #ceb693;\"><strong>R$ 6.050,00 com dep\u00f3sito antecipado<\/strong><\/span><br \/>\n<strong style=\"color: #7f6a50;\">\u00bb DATA DO QUARTO LOTE: <\/strong><strong>1.MAR\u00c7O.2023 at\u00e9 15.MAR\u00c7O.2023<\/strong><\/p>\n<p>[\/vc_column_text][vc_column_text]<\/p>\n<h4 style=\"color: #ceb693; text-align: center;\"><strong><em>CONTA PARA DEP\u00d3SITO ANTECIPADO<\/em><\/strong><\/h4>\n<p style=\"color: #ceb693; text-align: center;\"><strong style=\"color: #7f6a50;\">Banco: PagSeguro Internet S.A. (290)<\/strong><br \/>\nBenefici\u00e1rio: Aldeia de Shiva<br \/>\nAg\u00eancia: 0001<br \/>\nN\u00famero da conta: 06081695-6<br \/>\nTipo: Conta de pagamento<br \/>\nCNPJ e PIX: 14.546.010\/0001-31<\/p>\n<p>[\/vc_column_text][\/vc_column_inner][\/vc_row_inner][vc_row_inner][vc_column_inner width=&#8221;1\/4&#8243;][vc_column_text]<!--<img decoding=\"async\" class=\"scale-with-grid aligncenter\" src=\"https:\/\/terraxama.com\/xamanismoancestral\/wp-content\/uploads\/2022\/03\/16off.png\" alt=\"\" \/>\n\n\n<p style=\"color: #ceb693; text-align: center;\"><span style=\"color: #7f6a50;\"><strong>PRIMEIRO LOTE \u00c0 VISTA<\/strong><\/span><\/p>\n\n\n\n\n<p style=\"color: #ceb693; text-align: center;\"><strong>R$ 5.350,00<\/strong> com dep\u00f3sito antecipado\nAt\u00e9 <strong>8.MAIO.2022<\/strong>\n\n-->[\/vc_column_text][\/vc_column_inner][vc_column_inner width=&#8221;1\/4&#8243;][vc_column_text]<!--<img decoding=\"async\" class=\"scale-with-grid aligncenter\" src=\"https:\/\/terraxama.com\/xamanismoancestral\/wp-content\/uploads\/2022\/03\/13off.png\" alt=\"\" \/>\n\n\n\n<p style=\"color: #ceb693; text-align: center;\"><span style=\"color: #7f6a50;\"><strong>SEGUNDO LOTE \u00c0 VISTA<\/strong><\/span><\/p>\n\n\n\n\n<p style=\"color: #ceb693; text-align: center;\"><strong>R$ 5.550,00<\/strong> com dep\u00f3sito antecipado\n<strong>9.MAIO.2022<\/strong> at\u00e9 <strong>22.MAIO.2022<\/strong>\n\n-->[\/vc_column_text][\/vc_column_inner][vc_column_inner width=&#8221;1\/4&#8243;][vc_column_text]<!--<img decoding=\"async\" class=\"scale-with-grid aligncenter\" src=\"https:\/\/terraxama.com\/xamanismoancestral\/wp-content\/uploads\/2022\/03\/10off.png\" alt=\"\" \/>\n\n\n\n<p style=\"color: #ceb693; text-align: center;\"><span style=\"color: #7f6a50;\"><strong>TERCEIRO LOTE \u00c0 VISTA<\/strong><\/span><\/p>\n\n\n\n\n<p style=\"color: #ceb693; text-align: center;\"><strong>R$ 5.750,00<\/strong> com dep\u00f3sito antecipado\n<strong>23.MAIO.2022<\/strong> at\u00e9 <strong>5.JUNHO.2022<\/strong>\n\n-->[\/vc_column_text][\/vc_column_inner][vc_column_inner width=&#8221;1\/4&#8243;][vc_column_text]<!--<img decoding=\"async\" class=\"scale-with-grid aligncenter\" src=\"https:\/\/terraxama.com\/xamanismoancestral\/wp-content\/uploads\/2022\/03\/7off.png\" alt=\"\" \/>\n\n\n\n<p style=\"color: #ceb693; text-align: center;\"><span style=\"color: #7f6a50;\"><strong>QUARTO LOTE \u00c0 VISTA<\/strong><\/span><\/p>\n\n\n\n\n<p style=\"color: #ceb693; text-align: center;\"><strong>R$ 5.950,00<\/strong> com dep\u00f3sito antecipado\n<strong>6.JUNHO.2022<\/strong> at\u00e9 <strong>18.JUNHO.2022<\/strong>\n\n-->[\/vc_column_text][\/vc_column_inner][\/vc_row_inner][vc_single_image image=&#8221;136&#8243; img_size=&#8221;full&#8221; alignment=&#8221;center&#8221;][\/vc_column][\/vc_row][vc_row css=&#8221;.vc_custom_1646688582164{background-color: #141e1b !important;}&#8221;][vc_column][vc_row_inner][vc_column_inner width=&#8221;1\/2&#8243;][vc_column_text]<\/p>\n<h4 style=\"text-align: center;\"><span style=\"color: #7f6a50;\">Xamanismo Ancestral \u00bb N\u00edvel 1 (Praticante)<\/span><\/h4>\n<p style=\"text-align: center;\"><strong><span style=\"color: #7f6a50;\">DATA \u00bb 19 a 25.MAR\u00c70.2023<\/span><\/strong><br \/>\n<span style=\"color: #7f6a50;\">(Hor\u00e1rio: 8hs as 22hs)<\/span><br \/>\n<span style=\"font-size: small; color: #ceb693;\">Primeiro dia: Domingo (19.MAR\u00c7O.2023) 20h as 22hs<br \/>\n2\u00ba, 3\u00ba, 4\u00ba, 5\u00ba e 6\u00ba dia (20 a 24.MAR\u00c7O.2023) 8h as 22hs<br \/>\nS\u00e9timo dia: S\u00e1bado (25.MAR\u00c7O.2023) 8h as 14hs<br \/>\nLOCAL: TERRA XAM\u00c3 | Juquitiba-SP<br \/>\nEstrada da Palestina, 1051<\/span><\/p>\n<p style=\"text-align: center;\"><span style=\"color: #7f6a50;\">VALOR DO VOUCHER POR CART\u00c3O DE CR\u00c9DITO:<\/span><br \/>\n<span style=\"color: #ceb693;\"><strong>R$ 6.450,00<\/strong><\/span><br \/>\n<span style=\"color: #7f6a50;\"><em>Parcelado em at\u00e9 18 vezes pelo PagSeguro!<\/em><\/span><\/p>\n<p>[\/vc_column_text][\/vc_column_inner][vc_column_inner width=&#8221;1\/2&#8243;][vc_column_text]<\/p>\n<h4 style=\"text-align: center;\"><span style=\"color: #7f6a50;\">CONDI\u00c7\u00d5ES GERAIS<\/span><\/h4>\n<p style=\"text-align: center;\"><span style=\"color: #ceb693;\">N\u00e3o ser\u00e1 devolvido o dinheiro no caso de desist\u00eancia ou n\u00e3o comparecimento;<\/span><\/p>\n<p style=\"text-align: center;\"><span style=\"color: #ceb693;\">Na pandemia do COVID-19, a data do curso pode sofrer altera\u00e7\u00e3o sem aviso pr\u00e9vio;<\/span><\/p>\n<p style=\"text-align: center;\"><span style=\"color: #ceb693;\">Caso o curso n\u00e3o forme turma a data ser\u00e1 remanejada com aviso pr\u00e9vio de at\u00e9 15 dias;<\/span><\/p>\n<p style=\"text-align: center;\"><span style=\"color: #ceb693;\">A vaga do aluno s\u00f3 \u00e9 reservada mediante pagamento;<\/span><\/p>\n<p style=\"text-align: center;\"><span style=\"color: #ceb693;\">Inclu\u00eddo alimenta\u00e7\u00e3o e alojamento em \u00e1rea de camping;<\/span><\/p>\n<p style=\"text-align: center;\"><span style=\"color: #ceb693;\">Voucher com validade de 1 ano;<\/span><\/p>\n<p style=\"text-align: center;\"><span style=\"color: #ceb693;\">Curso presencial em Juquitiba-SP.<\/span><\/p>\n<p>[\/vc_column_text][\/vc_column_inner][\/vc_row_inner][vc_single_image image=&#8221;136&#8243; img_size=&#8221;full&#8221; alignment=&#8221;center&#8221;][\/vc_column][\/vc_row]<\/p>\n","protected":false},"excerpt":{"rendered":"<p>[vc_row full_width=&#8221;stretch_row&#8221; full_height=&#8221;yes&#8221; equal_height=&#8221;yes&#8221; css=&#8221;.vc_custom_1646688969795{margin-top: -100px !important;background: #141e1b url(https:\/\/terraxama.com\/xamanismoancestral\/wp-content\/uploads\/2022\/03\/akaie-back.jpg?id=231) !important;background-position: center !important;background-repeat: no-repeat !important;background-size: cover !important;}&#8221;][vc_column][vc_empty_space height=&#8221;140px&#8221;][vc_row_inner][vc_column_inner width=&#8221;1\/2&#8243;][\/vc_column_inner][vc_column_inner width=&#8221;1\/2&#8243;][vc_single_image image=&#8221;153&#8243;][vc_column_text] Idealizador e Professor do Curso: Fundador<span class=\"excerpt-hellip\"> [\u2026]<\/span><\/p>\n","protected":false},"author":1,"featured_media":0,"parent":0,"menu_order":0,"comment_status":"closed","ping_status":"open","template":"","meta":{"footnotes":""},"class_list":["post-88","page","type-page","status-publish","hentry"],"_links":{"self":[{"href":"https:\/\/terraxama.com\/xamanismoancestral\/wp-json\/wp\/v2\/pages\/88","targetHints":{"allow":["GET"]}}],"collection":[{"href":"https:\/\/terraxama.com\/xamanismoancestral\/wp-json\/wp\/v2\/pages"}],"about":[{"href":"https:\/\/terraxama.com\/xamanismoancestral\/wp-json\/wp\/v2\/types\/page"}],"author":[{"embeddable":true,"href":"https:\/\/terraxama.com\/xamanismoancestral\/wp-json\/wp\/v2\/users\/1"}],"replies":[{"embeddable":true,"href":"https:\/\/terraxama.com\/xamanismoancestral\/wp-json\/wp\/v2\/comments?post=88"}],"version-history":[{"count":94,"href":"https:\/\/terraxama.com\/xamanismoancestral\/wp-json\/wp\/v2\/pages\/88\/revisions"}],"predecessor-version":[{"id":285,"href":"https:\/\/terraxama.com\/xamanismoancestral\/wp-json\/wp\/v2\/pages\/88\/revisions\/285"}],"wp:attachment":[{"href":"https:\/\/terraxama.com\/xamanismoancestral\/wp-json\/wp\/v2\/media?parent=88"}],"curies":[{"name":"wp","href":"https:\/\/api.w.org\/{rel}","templated":true}]}}