{"id":293,"date":"2025-02-19T14:56:03","date_gmt":"2025-02-19T14:56:03","guid":{"rendered":"https:\/\/terraxama.com\/br\/?page_id=293"},"modified":"2025-06-13T12:17:56","modified_gmt":"2025-06-13T12:17:56","slug":"kayane-jhankri","status":"publish","type":"page","link":"https:\/\/terraxama.com\/br\/kayane-jhankri\/","title":{"rendered":"Kayane Jhankri"},"content":{"rendered":"\t\t<div data-elementor-type=\"wp-page\" data-elementor-id=\"293\" class=\"elementor elementor-293\" data-elementor-post-type=\"page\">\n\t\t\t\t<div class=\"elementor-element elementor-element-35cd0ac1 e-con-full e-flex e-con e-parent\" data-id=\"35cd0ac1\" data-element_type=\"container\" data-settings=\"{&quot;background_background&quot;:&quot;classic&quot;}\">\n\t\t<div class=\"elementor-element elementor-element-2615db03 e-con-full e-flex e-con e-child\" data-id=\"2615db03\" data-element_type=\"container\">\n\t\t\t\t<\/div>\n\t\t<div class=\"elementor-element elementor-element-4ad51c6 e-con-full e-flex e-con e-child\" data-id=\"4ad51c6\" data-element_type=\"container\">\n\t\t\t\t<div class=\"elementor-element elementor-element-1bfca7ae elementor-widget elementor-widget-heading\" data-id=\"1bfca7ae\" data-element_type=\"widget\" data-widget_type=\"heading.default\">\n\t\t\t\t<div class=\"elementor-widget-container\">\n\t\t\t\t\t<h2 class=\"elementor-heading-title elementor-size-default\">Kayane Jhankri<\/h2>\t\t\t\t<\/div>\n\t\t\t\t<\/div>\n\t\t\t\t<div class=\"elementor-element elementor-element-394d71bd elementor-widget elementor-widget-heading\" data-id=\"394d71bd\" data-element_type=\"widget\" data-widget_type=\"heading.default\">\n\t\t\t\t<div class=\"elementor-widget-container\">\n\t\t\t\t\t<h2 class=\"elementor-heading-title elementor-size-default\">Xamanismo Feminina<\/h2>\t\t\t\t<\/div>\n\t\t\t\t<\/div>\n\t\t\t\t<\/div>\n\t\t<div class=\"elementor-element elementor-element-150d432 e-con-full e-flex e-con e-child\" data-id=\"150d432\" data-element_type=\"container\">\n\t\t\t\t<\/div>\n\t\t\t\t<\/div>\n\t\t<div class=\"elementor-element elementor-element-6858a8de e-flex e-con-boxed e-con e-parent\" data-id=\"6858a8de\" data-element_type=\"container\" data-settings=\"{&quot;background_background&quot;:&quot;classic&quot;}\">\n\t\t\t\t\t<div class=\"e-con-inner\">\n\t\t<div class=\"elementor-element elementor-element-7678d960 e-con-full e-flex e-con e-child\" data-id=\"7678d960\" data-element_type=\"container\">\n\t\t<div class=\"elementor-element elementor-element-6ba38a18 e-con-full e-flex e-con e-child\" data-id=\"6ba38a18\" data-element_type=\"container\">\n\t\t\t\t<div class=\"elementor-element elementor-element-6a085f80 elementor-widget elementor-widget-heading\" data-id=\"6a085f80\" data-element_type=\"widget\" data-widget_type=\"heading.default\">\n\t\t\t\t<div class=\"elementor-widget-container\">\n\t\t\t\t\t<h2 class=\"elementor-heading-title elementor-size-default\">Escola Xamanismo Feminina<\/h2>\t\t\t\t<\/div>\n\t\t\t\t<\/div>\n\t\t\t\t<div class=\"elementor-element elementor-element-73e0f0cd elementor-widget elementor-widget-heading\" data-id=\"73e0f0cd\" data-element_type=\"widget\" data-widget_type=\"heading.default\">\n\t\t\t\t<div class=\"elementor-widget-container\">\n\t\t\t\t\t<h2 class=\"elementor-heading-title elementor-size-default\">Kayane Jhankri<\/h2>\t\t\t\t<\/div>\n\t\t\t\t<\/div>\n\t\t\t\t<div class=\"elementor-element elementor-element-4aa3289c elementor-widget elementor-widget-text-editor\" data-id=\"4aa3289c\" data-element_type=\"widget\" data-widget_type=\"text-editor.default\">\n\t\t\t\t<div class=\"elementor-widget-container\">\n\t\t\t\t\t\t\t\t\t<p>Kayane Jhankri \u00e9 palestrante, Condutora de Cerim\u00f4nias com Medicinas Xam\u00e2nicas, c\u00edrculos e grupos de Estudos do reconhecimento e compensa\u00e7\u00e3o da Energia Shakti, polaridade feminina da Cria\u00e7\u00e3o.<\/p><p>Resgatadora de Alma, Hipnoterapeuta, Master em P.N.L (programa\u00e7\u00e3o neurolingu\u00edstica), Mestra Apometra, Orientadora de Reekssa e Terapeuta Xam\u00e2nica com estudos e inicia\u00e7\u00f5es com Xam\u00e3s e Paj\u00e9s brasileiros.<\/p><p>Rezadeira e Benzedeira, busca resgatar sua sabedoria ancestral unindo conhecimentos Xam\u00e2nicos milenares as modernas t\u00e9cnicas de Cura da Consci\u00eancia.<\/p><p>L\u00edder das Filhas do Sol, o cl\u00e3 das Shakti da Sagrada Tradi\u00e7\u00e3o Xamanismo Ancestral, Kayane traz uma abordagem diferenciada acerca da compreens\u00e3o de Sagrado Feminino, como explorar o poder da cria\u00e7\u00e3o \u00e0 partir da pr\u00f3pria existencialidade, regenera\u00e7\u00e3o e cura da consci\u00eancia da energia feminina.<\/p>\t\t\t\t\t\t\t\t<\/div>\n\t\t\t\t<\/div>\n\t\t\t\t<\/div>\n\t\t<div class=\"elementor-element elementor-element-15833e4b e-con-full e-flex e-con e-child\" data-id=\"15833e4b\" data-element_type=\"container\">\n\t\t\t\t<div class=\"elementor-element elementor-element-7cd5809d elementor-widget elementor-widget-image\" data-id=\"7cd5809d\" data-element_type=\"widget\" data-widget_type=\"image.default\">\n\t\t\t\t<div class=\"elementor-widget-container\">\n\t\t\t\t\t\t\t\t\t\t\t\t\t\t\t<img fetchpriority=\"high\" decoding=\"async\" width=\"770\" height=\"1024\" src=\"https:\/\/terraxama.com\/br\/wp-content\/uploads\/2025\/06\/Grupo-de-mascara-18-770x1024.png\" class=\"attachment-large size-large wp-image-1199\" alt=\"\" srcset=\"https:\/\/terraxama.com\/br\/wp-content\/uploads\/2025\/06\/Grupo-de-mascara-18-770x1024.png 770w, https:\/\/terraxama.com\/br\/wp-content\/uploads\/2025\/06\/Grupo-de-mascara-18-226x300.png 226w, https:\/\/terraxama.com\/br\/wp-content\/uploads\/2025\/06\/Grupo-de-mascara-18-768x1021.png 768w, https:\/\/terraxama.com\/br\/wp-content\/uploads\/2025\/06\/Grupo-de-mascara-18.png 856w\" sizes=\"(max-width: 770px) 100vw, 770px\" \/>\t\t\t\t\t\t\t\t\t\t\t\t\t\t\t<\/div>\n\t\t\t\t<\/div>\n\t\t\t\t<\/div>\n\t\t\t\t<\/div>\n\t\t\t\t\t<\/div>\n\t\t\t\t<\/div>\n\t\t<div class=\"elementor-element elementor-element-67bed38 e-flex e-con-boxed e-con e-parent\" data-id=\"67bed38\" data-element_type=\"container\" data-settings=\"{&quot;background_background&quot;:&quot;classic&quot;}\">\n\t\t\t\t\t<div class=\"e-con-inner\">\n\t\t<div class=\"elementor-element elementor-element-747325e3 e-con-full e-flex e-con e-child\" data-id=\"747325e3\" data-element_type=\"container\">\n\t\t<div class=\"elementor-element elementor-element-3625dd36 e-con-full e-flex e-con e-child\" data-id=\"3625dd36\" data-element_type=\"container\">\n\t\t\t\t<div class=\"elementor-element elementor-element-714ef581 elementor-widget elementor-widget-heading\" data-id=\"714ef581\" data-element_type=\"widget\" data-widget_type=\"heading.default\">\n\t\t\t\t<div class=\"elementor-widget-container\">\n\t\t\t\t\t<h2 class=\"elementor-heading-title elementor-size-default\">Cerim\u00f4nias, Cursos e Atendimentos<\/h2>\t\t\t\t<\/div>\n\t\t\t\t<\/div>\n\t\t\t\t<div class=\"elementor-element elementor-element-4ec13049 elementor-widget elementor-widget-heading\" data-id=\"4ec13049\" data-element_type=\"widget\" data-widget_type=\"heading.default\">\n\t\t\t\t<div class=\"elementor-widget-container\">\n\t\t\t\t\t<h2 class=\"elementor-heading-title elementor-size-default\">On-line &amp; Presencial<\/h2>\t\t\t\t<\/div>\n\t\t\t\t<\/div>\n\t\t\t\t<\/div>\n\t\t<div class=\"elementor-element elementor-element-36065704 e-con-full e-flex e-con e-child\" data-id=\"36065704\" data-element_type=\"container\">\n\t\t<div class=\"elementor-element elementor-element-42f8fab1 e-con-full e-flex e-con e-child\" data-id=\"42f8fab1\" data-element_type=\"container\">\n\t\t\t\t<div class=\"elementor-element elementor-element-2333481d elementor-widget elementor-widget-text-editor\" data-id=\"2333481d\" data-element_type=\"widget\" data-widget_type=\"text-editor.default\">\n\t\t\t\t<div class=\"elementor-widget-container\">\n\t\t\t\t\t\t\t\t\t<p data-start=\"0\" data-end=\"47\"><strong data-start=\"0\" data-end=\"41\">Xamanismo Feminina com Kayane Jhankri<\/strong><\/p><p data-start=\"49\" data-end=\"203\">Um chamado para mulheres que sentem no cora\u00e7\u00e3o o desejo de se reconectar com sua ess\u00eancia, acessar sua for\u00e7a ancestral e despertar seu verdadeiro poder.<\/p><p data-start=\"205\" data-end=\"414\">Em seus cursos, cerim\u00f4nias e viv\u00eancias, Kayane Jhankri conduz voc\u00ea por um caminho de <strong>autocura, autoconhecimento e reconhecimento do seu poder pessoal<\/strong>, utilizando <strong data-start=\"345\" data-end=\"411\">medicinas sagradas, terapias integrativas e ritos ancestrais<\/strong>.<\/p>\t\t\t\t\t\t\t\t<\/div>\n\t\t\t\t<\/div>\n\t\t\t\t<\/div>\n\t\t<div class=\"elementor-element elementor-element-61615eb6 e-con-full e-flex e-con e-child\" data-id=\"61615eb6\" data-element_type=\"container\">\n\t\t\t\t<div class=\"elementor-element elementor-element-1574c4e4 elementor-widget elementor-widget-text-editor\" data-id=\"1574c4e4\" data-element_type=\"widget\" data-widget_type=\"text-editor.default\">\n\t\t\t\t<div class=\"elementor-widget-container\">\n\t\t\t\t\t\t\t\t\t<p data-start=\"416\" data-end=\"589\">Aqui, voc\u00ea aprende a <strong data-start=\"437\" data-end=\"469\">despertar sua energia Shakti<\/strong>, curar padr\u00f5es limitantes, fortalecer sua intui\u00e7\u00e3o e trilhar uma jornada mais aut\u00eantica e alinhada com seu prop\u00f3sito.<\/p><p data-start=\"416\" data-end=\"589\">Kayane Jhankri oferece atendimentos online individuais.<\/p><p>Conduz Cerim\u00f4nias Xam\u00e2nicas com as sagradas Medicinas da Floresta, Viv\u00eancias Espirituais e Palestras presencial no Terra Xam\u00e3, permitindo que homens e mulheres tenham acesso a pr\u00e1ticas espirituais e sabedoria ancestral.<\/p><p>Se voc\u00ea sente esse chamado, permita-se viver essa transforma\u00e7\u00e3o.<\/p>\t\t\t\t\t\t\t\t<\/div>\n\t\t\t\t<\/div>\n\t\t\t\t<\/div>\n\t\t\t\t<\/div>\n\t\t\t\t<\/div>\n\t\t\t\t\t<\/div>\n\t\t\t\t<\/div>\n\t\t<div class=\"elementor-element elementor-element-2e31a2e1 e-flex e-con-boxed e-con e-parent\" data-id=\"2e31a2e1\" data-element_type=\"container\" data-settings=\"{&quot;background_background&quot;:&quot;classic&quot;}\">\n\t\t\t\t\t<div class=\"e-con-inner\">\n\t\t\t\t<div class=\"elementor-element elementor-element-e576b97 elementor-widget elementor-widget-image\" data-id=\"e576b97\" data-element_type=\"widget\" data-widget_type=\"image.default\">\n\t\t\t\t<div class=\"elementor-widget-container\">\n\t\t\t\t\t\t\t\t\t\t\t\t\t\t\t<img decoding=\"async\" width=\"168\" height=\"168\" src=\"https:\/\/terraxama.com\/br\/wp-content\/uploads\/2025\/02\/logo-terraxama.png\" class=\"attachment-large size-large wp-image-263\" alt=\"\" srcset=\"https:\/\/terraxama.com\/br\/wp-content\/uploads\/2025\/02\/logo-terraxama.png 168w, https:\/\/terraxama.com\/br\/wp-content\/uploads\/2025\/02\/logo-terraxama-150x150.png 150w\" sizes=\"(max-width: 168px) 100vw, 168px\" \/>\t\t\t\t\t\t\t\t\t\t\t\t\t\t\t<\/div>\n\t\t\t\t<\/div>\n\t\t<div class=\"elementor-element elementor-element-366e3fa3 e-con-full e-flex e-con e-child\" data-id=\"366e3fa3\" data-element_type=\"container\">\n\t\t<div class=\"elementor-element elementor-element-2681d7f9 e-con-full e-flex e-con e-child\" data-id=\"2681d7f9\" data-element_type=\"container\">\n\t\t\t\t<div class=\"elementor-element elementor-element-18697f79 elementor-widget elementor-widget-image\" data-id=\"18697f79\" data-element_type=\"widget\" data-widget_type=\"image.default\">\n\t\t\t\t<div class=\"elementor-widget-container\">\n\t\t\t\t\t\t\t\t\t\t\t\t\t\t\t<img decoding=\"async\" width=\"590\" height=\"260\" src=\"https:\/\/terraxama.com\/br\/wp-content\/uploads\/2025\/03\/2.png\" class=\"attachment-large size-large wp-image-695\" alt=\"\" srcset=\"https:\/\/terraxama.com\/br\/wp-content\/uploads\/2025\/03\/2.png 590w, https:\/\/terraxama.com\/br\/wp-content\/uploads\/2025\/03\/2-300x132.png 300w\" sizes=\"(max-width: 590px) 100vw, 590px\" \/>\t\t\t\t\t\t\t\t\t\t\t\t\t\t\t<\/div>\n\t\t\t\t<\/div>\n\t\t\t\t<div class=\"elementor-element elementor-element-1be27385 elementor-widget elementor-widget-heading\" data-id=\"1be27385\" data-element_type=\"widget\" data-widget_type=\"heading.default\">\n\t\t\t\t<div class=\"elementor-widget-container\">\n\t\t\t\t\t<h2 class=\"elementor-heading-title elementor-size-default\">CURSO XAMANISMO FEMININA<\/h2>\t\t\t\t<\/div>\n\t\t\t\t<\/div>\n\t\t\t\t<div class=\"elementor-element elementor-element-53ce8df1 elementor-widget elementor-widget-text-editor\" data-id=\"53ce8df1\" data-element_type=\"widget\" data-widget_type=\"text-editor.default\">\n\t\t\t\t<div class=\"elementor-widget-container\">\n\t\t\t\t\t\t\t\t\t<p>Para os esp\u00edritos que est\u00e3o prontos para desvendar a Energia da Cria\u00e7\u00e3o e sua conex\u00e3o com a natureza, guiados pela tradi\u00e7\u00e3o da Roda de Medicina Xam\u00e2nica.<\/p>\t\t\t\t\t\t\t\t<\/div>\n\t\t\t\t<\/div>\n\t\t\t\t<div class=\"elementor-element elementor-element-402beafb elementor-align-center elementor-mobile-align-justify elementor-widget elementor-widget-button\" data-id=\"402beafb\" data-element_type=\"widget\" data-widget_type=\"button.default\">\n\t\t\t\t<div class=\"elementor-widget-container\">\n\t\t\t\t\t\t\t\t\t<div class=\"elementor-button-wrapper\">\n\t\t\t\t\t<a class=\"elementor-button elementor-button-link elementor-size-sm\" href=\"https:\/\/terraxama.com\/cursos\/xamanismo-feminina\/\" target=\"_blank\">\n\t\t\t\t\t\t<span class=\"elementor-button-content-wrapper\">\n\t\t\t\t\t\t\t\t\t<span class=\"elementor-button-text\">SAIBA MAIS<\/span>\n\t\t\t\t\t<\/span>\n\t\t\t\t\t<\/a>\n\t\t\t\t<\/div>\n\t\t\t\t\t\t\t\t<\/div>\n\t\t\t\t<\/div>\n\t\t\t\t<\/div>\n\t\t<div class=\"elementor-element elementor-element-7c019dc8 e-con-full e-flex e-con e-child\" data-id=\"7c019dc8\" data-element_type=\"container\">\n\t\t\t\t<div class=\"elementor-element elementor-element-6df500fe elementor-widget elementor-widget-image\" data-id=\"6df500fe\" data-element_type=\"widget\" data-widget_type=\"image.default\">\n\t\t\t\t<div class=\"elementor-widget-container\">\n\t\t\t\t\t\t\t\t\t\t\t\t\t\t\t<img loading=\"lazy\" decoding=\"async\" width=\"590\" height=\"260\" src=\"https:\/\/terraxama.com\/br\/wp-content\/uploads\/2025\/03\/19.png\" class=\"attachment-large size-large wp-image-712\" alt=\"\" srcset=\"https:\/\/terraxama.com\/br\/wp-content\/uploads\/2025\/03\/19.png 590w, https:\/\/terraxama.com\/br\/wp-content\/uploads\/2025\/03\/19-300x132.png 300w\" sizes=\"(max-width: 590px) 100vw, 590px\" \/>\t\t\t\t\t\t\t\t\t\t\t\t\t\t\t<\/div>\n\t\t\t\t<\/div>\n\t\t\t\t<div class=\"elementor-element elementor-element-2f4b7c4b elementor-widget elementor-widget-heading\" data-id=\"2f4b7c4b\" data-element_type=\"widget\" data-widget_type=\"heading.default\">\n\t\t\t\t<div class=\"elementor-widget-container\">\n\t\t\t\t\t<h2 class=\"elementor-heading-title elementor-size-default\">CURSO REZO E BENZIMENTO<\/h2>\t\t\t\t<\/div>\n\t\t\t\t<\/div>\n\t\t\t\t<div class=\"elementor-element elementor-element-6482e3fa elementor-widget elementor-widget-text-editor\" data-id=\"6482e3fa\" data-element_type=\"widget\" data-widget_type=\"text-editor.default\">\n\t\t\t\t<div class=\"elementor-widget-container\">\n\t\t\t\t\t\t\t\t\t<p>Torne-se guardi\u00e3 desses saberes ancestrais, resgatando a sabedoria do rezo e benzimento para prote\u00e7\u00e3o, equil\u00edbrio e liberta\u00e7\u00e3o espiritual.<\/p>\t\t\t\t\t\t\t\t<\/div>\n\t\t\t\t<\/div>\n\t\t\t\t<div class=\"elementor-element elementor-element-574a71d3 elementor-align-center elementor-mobile-align-justify elementor-widget elementor-widget-button\" data-id=\"574a71d3\" data-element_type=\"widget\" data-widget_type=\"button.default\">\n\t\t\t\t<div class=\"elementor-widget-container\">\n\t\t\t\t\t\t\t\t\t<div class=\"elementor-button-wrapper\">\n\t\t\t\t\t<a class=\"elementor-button elementor-button-link elementor-size-sm\" href=\"#\">\n\t\t\t\t\t\t<span class=\"elementor-button-content-wrapper\">\n\t\t\t\t\t\t\t\t\t<span class=\"elementor-button-text\">SAIBA MAIS<\/span>\n\t\t\t\t\t<\/span>\n\t\t\t\t\t<\/a>\n\t\t\t\t<\/div>\n\t\t\t\t\t\t\t\t<\/div>\n\t\t\t\t<\/div>\n\t\t\t\t<\/div>\n\t\t<div class=\"elementor-element elementor-element-5e9000da e-con-full e-flex e-con e-child\" data-id=\"5e9000da\" data-element_type=\"container\">\n\t\t\t\t<div class=\"elementor-element elementor-element-3913109b elementor-widget elementor-widget-image\" data-id=\"3913109b\" data-element_type=\"widget\" data-widget_type=\"image.default\">\n\t\t\t\t<div class=\"elementor-widget-container\">\n\t\t\t\t\t\t\t\t\t\t\t\t\t\t\t<img loading=\"lazy\" decoding=\"async\" width=\"590\" height=\"260\" src=\"https:\/\/terraxama.com\/br\/wp-content\/uploads\/2025\/03\/18.png\" class=\"attachment-large size-large wp-image-711\" alt=\"\" srcset=\"https:\/\/terraxama.com\/br\/wp-content\/uploads\/2025\/03\/18.png 590w, https:\/\/terraxama.com\/br\/wp-content\/uploads\/2025\/03\/18-300x132.png 300w\" sizes=\"(max-width: 590px) 100vw, 590px\" \/>\t\t\t\t\t\t\t\t\t\t\t\t\t\t\t<\/div>\n\t\t\t\t<\/div>\n\t\t\t\t<div class=\"elementor-element elementor-element-7c490d11 elementor-widget elementor-widget-heading\" data-id=\"7c490d11\" data-element_type=\"widget\" data-widget_type=\"heading.default\">\n\t\t\t\t<div class=\"elementor-widget-container\">\n\t\t\t\t\t<h2 class=\"elementor-heading-title elementor-size-default\">FESTIVAL SHAKTI XAM\u00c3<\/h2>\t\t\t\t<\/div>\n\t\t\t\t<\/div>\n\t\t\t\t<div class=\"elementor-element elementor-element-4b741669 elementor-widget elementor-widget-text-editor\" data-id=\"4b741669\" data-element_type=\"widget\" data-widget_type=\"text-editor.default\">\n\t\t\t\t<div class=\"elementor-widget-container\">\n\t\t\t\t\t\t\t\t\t<p>Um evento para toda a fam\u00edlia! Embarque nessa jornada de cura e expans\u00e3o com Kayane Jhankri e as Filhas do Sol em 3 dias de imers\u00e3o para despertar seu poder interior.<\/p>\t\t\t\t\t\t\t\t<\/div>\n\t\t\t\t<\/div>\n\t\t\t\t<div class=\"elementor-element elementor-element-7bea9515 elementor-align-center elementor-mobile-align-justify elementor-widget elementor-widget-button\" data-id=\"7bea9515\" data-element_type=\"widget\" data-widget_type=\"button.default\">\n\t\t\t\t<div class=\"elementor-widget-container\">\n\t\t\t\t\t\t\t\t\t<div class=\"elementor-button-wrapper\">\n\t\t\t\t\t<a class=\"elementor-button elementor-button-link elementor-size-sm\" href=\"https:\/\/terraxama.com\/festival\/shakti-xama\/\">\n\t\t\t\t\t\t<span class=\"elementor-button-content-wrapper\">\n\t\t\t\t\t\t\t\t\t<span class=\"elementor-button-text\">SAIBA MAIS<\/span>\n\t\t\t\t\t<\/span>\n\t\t\t\t\t<\/a>\n\t\t\t\t<\/div>\n\t\t\t\t\t\t\t\t<\/div>\n\t\t\t\t<\/div>\n\t\t\t\t<\/div>\n\t\t\t\t<\/div>\n\t\t<div class=\"elementor-element elementor-element-1fac46be e-con-full e-flex e-con e-child\" data-id=\"1fac46be\" data-element_type=\"container\">\n\t\t<div class=\"elementor-element elementor-element-5294bf48 e-con-full e-flex e-con e-child\" data-id=\"5294bf48\" data-element_type=\"container\">\n\t\t\t\t<div class=\"elementor-element elementor-element-317581db elementor-widget elementor-widget-image\" data-id=\"317581db\" data-element_type=\"widget\" data-widget_type=\"image.default\">\n\t\t\t\t<div class=\"elementor-widget-container\">\n\t\t\t\t\t\t\t\t\t\t\t\t\t\t\t<img loading=\"lazy\" decoding=\"async\" width=\"590\" height=\"260\" src=\"https:\/\/terraxama.com\/br\/wp-content\/uploads\/2025\/03\/9.png\" class=\"attachment-large size-large wp-image-702\" alt=\"\" srcset=\"https:\/\/terraxama.com\/br\/wp-content\/uploads\/2025\/03\/9.png 590w, https:\/\/terraxama.com\/br\/wp-content\/uploads\/2025\/03\/9-300x132.png 300w\" sizes=\"(max-width: 590px) 100vw, 590px\" \/>\t\t\t\t\t\t\t\t\t\t\t\t\t\t\t<\/div>\n\t\t\t\t<\/div>\n\t\t\t\t<div class=\"elementor-element elementor-element-378c27c8 elementor-widget elementor-widget-heading\" data-id=\"378c27c8\" data-element_type=\"widget\" data-widget_type=\"heading.default\">\n\t\t\t\t<div class=\"elementor-widget-container\">\n\t\t\t\t\t<h2 class=\"elementor-heading-title elementor-size-default\">MAHA SHAKTI ARATRI<\/h2>\t\t\t\t<\/div>\n\t\t\t\t<\/div>\n\t\t\t\t<div class=\"elementor-element elementor-element-291c63e8 elementor-widget elementor-widget-text-editor\" data-id=\"291c63e8\" data-element_type=\"widget\" data-widget_type=\"text-editor.default\">\n\t\t\t\t<div class=\"elementor-widget-container\">\n\t\t\t\t\t\t\t\t\t<p>As 3 noites de Devo\u00e7\u00e3o as Consortes do Senhor Shiva (Kali, Durga e Parvati) com Kayane Jhankri num momento de profunda conex\u00e3o, cura e eleva\u00e7\u00e3o espiritual.<\/p>\t\t\t\t\t\t\t\t<\/div>\n\t\t\t\t<\/div>\n\t\t\t\t<div class=\"elementor-element elementor-element-39f4e0cb elementor-align-center elementor-mobile-align-justify elementor-widget elementor-widget-button\" data-id=\"39f4e0cb\" data-element_type=\"widget\" data-widget_type=\"button.default\">\n\t\t\t\t<div class=\"elementor-widget-container\">\n\t\t\t\t\t\t\t\t\t<div class=\"elementor-button-wrapper\">\n\t\t\t\t\t<a class=\"elementor-button elementor-button-link elementor-size-sm\" href=\"https:\/\/terraxama.com\/festivais\/mahashaktiaratri\/\" target=\"_blank\">\n\t\t\t\t\t\t<span class=\"elementor-button-content-wrapper\">\n\t\t\t\t\t\t\t\t\t<span class=\"elementor-button-text\">SAIBA MAIS<\/span>\n\t\t\t\t\t<\/span>\n\t\t\t\t\t<\/a>\n\t\t\t\t<\/div>\n\t\t\t\t\t\t\t\t<\/div>\n\t\t\t\t<\/div>\n\t\t\t\t<\/div>\n\t\t<div class=\"elementor-element elementor-element-39b40a70 e-con-full e-flex e-con e-child\" data-id=\"39b40a70\" data-element_type=\"container\">\n\t\t\t\t<div class=\"elementor-element elementor-element-462cdea5 elementor-widget elementor-widget-image\" data-id=\"462cdea5\" data-element_type=\"widget\" data-widget_type=\"image.default\">\n\t\t\t\t<div class=\"elementor-widget-container\">\n\t\t\t\t\t\t\t\t\t\t\t\t\t\t\t<img loading=\"lazy\" decoding=\"async\" width=\"590\" height=\"260\" src=\"https:\/\/terraxama.com\/br\/wp-content\/uploads\/2025\/03\/22.png\" class=\"attachment-large size-large wp-image-715\" alt=\"\" srcset=\"https:\/\/terraxama.com\/br\/wp-content\/uploads\/2025\/03\/22.png 590w, https:\/\/terraxama.com\/br\/wp-content\/uploads\/2025\/03\/22-300x132.png 300w\" sizes=\"(max-width: 590px) 100vw, 590px\" \/>\t\t\t\t\t\t\t\t\t\t\t\t\t\t\t<\/div>\n\t\t\t\t<\/div>\n\t\t\t\t<div class=\"elementor-element elementor-element-3efd1c80 elementor-widget elementor-widget-heading\" data-id=\"3efd1c80\" data-element_type=\"widget\" data-widget_type=\"heading.default\">\n\t\t\t\t<div class=\"elementor-widget-container\">\n\t\t\t\t\t<h2 class=\"elementor-heading-title elementor-size-default\">ATENDIMENTO ONLINE<\/h2>\t\t\t\t<\/div>\n\t\t\t\t<\/div>\n\t\t\t\t<div class=\"elementor-element elementor-element-68c11997 elementor-widget elementor-widget-text-editor\" data-id=\"68c11997\" data-element_type=\"widget\" data-widget_type=\"text-editor.default\">\n\t\t\t\t<div class=\"elementor-widget-container\">\n\t\t\t\t\t\t\t\t\t<p>Sess\u00f5es terap\u00eauticas individuais com Kayane Jhankri para realinhamento energ\u00e9tico, desbloqueios emocionais e expans\u00e3o da sua for\u00e7a espiritual, onde quer que voc\u00ea esteja.<\/p>\t\t\t\t\t\t\t\t<\/div>\n\t\t\t\t<\/div>\n\t\t\t\t<div class=\"elementor-element elementor-element-4b70f528 elementor-align-center elementor-mobile-align-justify elementor-widget elementor-widget-button\" data-id=\"4b70f528\" data-element_type=\"widget\" data-widget_type=\"button.default\">\n\t\t\t\t<div class=\"elementor-widget-container\">\n\t\t\t\t\t\t\t\t\t<div class=\"elementor-button-wrapper\">\n\t\t\t\t\t<a class=\"elementor-button elementor-button-link elementor-size-sm\" href=\"#\">\n\t\t\t\t\t\t<span class=\"elementor-button-content-wrapper\">\n\t\t\t\t\t\t\t\t\t<span class=\"elementor-button-text\">SAIBA MAIS<\/span>\n\t\t\t\t\t<\/span>\n\t\t\t\t\t<\/a>\n\t\t\t\t<\/div>\n\t\t\t\t\t\t\t\t<\/div>\n\t\t\t\t<\/div>\n\t\t\t\t<\/div>\n\t\t\t\t<\/div>\n\t\t<div class=\"elementor-element elementor-element-68f0d71 e-con-full e-flex e-con e-child\" data-id=\"68f0d71\" data-element_type=\"container\">\n\t\t<div class=\"elementor-element elementor-element-e99d1fd e-con-full e-flex e-con e-child\" data-id=\"e99d1fd\" data-element_type=\"container\">\n\t\t\t\t<\/div>\n\t\t<div class=\"elementor-element elementor-element-60c1d427 e-con-full e-flex e-con e-child\" data-id=\"60c1d427\" data-element_type=\"container\">\n\t\t\t\t<div class=\"elementor-element elementor-element-5daf5875 elementor-align-center elementor-widget elementor-widget-button\" data-id=\"5daf5875\" data-element_type=\"widget\" data-widget_type=\"button.default\">\n\t\t\t\t<div class=\"elementor-widget-container\">\n\t\t\t\t\t\t\t\t\t<div class=\"elementor-button-wrapper\">\n\t\t\t\t\t<a class=\"elementor-button elementor-button-link elementor-size-sm\" href=\"https:\/\/terraxama.com\/br\/cursos\/\" target=\"_blank\">\n\t\t\t\t\t\t<span class=\"elementor-button-content-wrapper\">\n\t\t\t\t\t\t\t\t\t<span class=\"elementor-button-text\">TODOS OS CURSOS<\/span>\n\t\t\t\t\t<\/span>\n\t\t\t\t\t<\/a>\n\t\t\t\t<\/div>\n\t\t\t\t\t\t\t\t<\/div>\n\t\t\t\t<\/div>\n\t\t\t\t<\/div>\n\t\t<div class=\"elementor-element elementor-element-7b7ac43e e-con-full e-flex e-con e-child\" data-id=\"7b7ac43e\" data-element_type=\"container\">\n\t\t\t\t<\/div>\n\t\t\t\t<\/div>\n\t\t\t\t\t<\/div>\n\t\t\t\t<\/div>\n\t\t\t\t<\/div>\n\t\t","protected":false},"excerpt":{"rendered":"<p>Kayane Jhankri Xamanismo Feminina Escola Xamanismo Feminina Kayane Jhankri Kayane Jhankri \u00e9 palestrante, Condutora de Cerim\u00f4nias com Medicinas Xam\u00e2nicas, c\u00edrculos e grupos de Estudos do reconhecimento e compensa\u00e7\u00e3o da Energia Shakti, polaridade feminina da Cria\u00e7\u00e3o. Resgatadora de Alma, Hipnoterapeuta, Master em P.N.L (programa\u00e7\u00e3o neurolingu\u00edstica), Mestra Apometra, Orientadora de Reekssa e Terapeuta Xam\u00e2nica com estudos e [&hellip;]<\/p>\n","protected":false},"author":1,"featured_media":0,"parent":0,"menu_order":0,"comment_status":"closed","ping_status":"closed","template":"elementor_header_footer","meta":{"footnotes":""},"class_list":["post-293","page","type-page","status-publish","hentry"],"_links":{"self":[{"href":"https:\/\/terraxama.com\/br\/wp-json\/wp\/v2\/pages\/293","targetHints":{"allow":["GET"]}}],"collection":[{"href":"https:\/\/terraxama.com\/br\/wp-json\/wp\/v2\/pages"}],"about":[{"href":"https:\/\/terraxama.com\/br\/wp-json\/wp\/v2\/types\/page"}],"author":[{"embeddable":true,"href":"https:\/\/terraxama.com\/br\/wp-json\/wp\/v2\/users\/1"}],"replies":[{"embeddable":true,"href":"https:\/\/terraxama.com\/br\/wp-json\/wp\/v2\/comments?post=293"}],"version-history":[{"count":61,"href":"https:\/\/terraxama.com\/br\/wp-json\/wp\/v2\/pages\/293\/revisions"}],"predecessor-version":[{"id":1202,"href":"https:\/\/terraxama.com\/br\/wp-json\/wp\/v2\/pages\/293\/revisions\/1202"}],"wp:attachment":[{"href":"https:\/\/terraxama.com\/br\/wp-json\/wp\/v2\/media?parent=293"}],"curies":[{"name":"wp","href":"https:\/\/api.w.org\/{rel}","templated":true}]}}